{"id":14,"date":"2016-07-19T18:31:32","date_gmt":"2016-07-19T18:31:32","guid":{"rendered":"http:\/\/judonacional.com\/?page_id=14"},"modified":"2016-07-25T03:27:31","modified_gmt":"2016-07-25T03:27:31","slug":"quem-somos","status":"publish","type":"page","link":"http:\/\/judonacional.com\/?page_id=14","title":{"rendered":"Quem Somos"},"content":{"rendered":"<p><img loading=\"lazy\" class=\"size-full wp-image-4 aligncenter\" src=\"http:\/\/judonacional.com\/wp-content\/uploads\/2016\/07\/logo.png\" alt=\"logo\" width=\"246\" height=\"98\" \/><\/p>\n<p>&nbsp;<\/p>\n<p><img loading=\"lazy\" class=\"size-medium wp-image-20 alignright\" src=\"http:\/\/judonacional.com\/wp-content\/uploads\/2016\/07\/judo-300x268.jpg\" alt=\"judo\" width=\"300\" height=\"268\" srcset=\"http:\/\/judonacional.com\/wp-content\/uploads\/2016\/07\/judo-300x268.jpg 300w, http:\/\/judonacional.com\/wp-content\/uploads\/2016\/07\/judo-768x685.jpg 768w, http:\/\/judonacional.com\/wp-content\/uploads\/2016\/07\/judo-1024x914.jpg 1024w, http:\/\/judonacional.com\/wp-content\/uploads\/2016\/07\/judo.jpg 1168w\" sizes=\"(max-width: 300px) 100vw, 300px\" \/>H\u00e1 alguns anos atr\u00e1s decidimos difundir o Jud\u00f4, divulgando e disponibiliza\u00e7\u00e3o por meio da internet imagens e v\u00eddeos para alunos, pais e praticantes desta modalidade esportiva.<\/p>\n<p><b>Objetivo:<\/b> Buscamos estar sempre atualizados com as noticias e eventos do Jud\u00f4 Nacional e Internacional, divulgando as imagens, resultados e todas informa\u00e7\u00f5es relacionadas, como artigos e entrevistas.<\/p>\n<p>Ao contar com nossos servi\u00e7os de divulga\u00e7\u00e3o e nossas parcerias, todos ter\u00e3o a seu alcance o melhor do uso da tecnologia da informa\u00e7\u00e3o para divulgar seus eventos e estar\u00e1 certa de ter o respaldo de uma equipe comprometida e capacitada a fazer com que a divulga\u00e7\u00e3o de imagens, v\u00eddeos e informa\u00e7\u00e3o tenha a melhor qualidade e abrang\u00eancia.<\/p>\n","protected":false},"excerpt":{"rendered":"<p>&nbsp; H\u00e1 alguns anos atr\u00e1s decidimos difundir o Jud\u00f4, divulgando e disponibiliza\u00e7\u00e3o por meio da internet imagens e v\u00eddeos para alunos, pais e praticantes desta modalidade esportiva. Objetivo: Buscamos estar sempre atualizados com as noticias e eventos do Jud\u00f4 Nacional e Internacional, divulgando as imagens, resultados e todas informa\u00e7\u00f5es relacionadas, como artigos e entrevistas. Ao [&hellip;]<\/p>\n","protected":false},"author":1,"featured_media":4,"parent":0,"menu_order":0,"comment_status":"closed","ping_status":"closed","template":"","meta":[],"_links":{"self":[{"href":"http:\/\/judonacional.com\/index.php?rest_route=\/wp\/v2\/pages\/14"}],"collection":[{"href":"http:\/\/judonacional.com\/index.php?rest_route=\/wp\/v2\/pages"}],"about":[{"href":"http:\/\/judonacional.com\/index.php?rest_route=\/wp\/v2\/types\/page"}],"author":[{"embeddable":true,"href":"http:\/\/judonacional.com\/index.php?rest_route=\/wp\/v2\/users\/1"}],"replies":[{"embeddable":true,"href":"http:\/\/judonacional.com\/index.php?rest_route=%2Fwp%2Fv2%2Fcomments&post=14"}],"version-history":[{"count":3,"href":"http:\/\/judonacional.com\/index.php?rest_route=\/wp\/v2\/pages\/14\/revisions"}],"predecessor-version":[{"id":116,"href":"http:\/\/judonacional.com\/index.php?rest_route=\/wp\/v2\/pages\/14\/revisions\/116"}],"wp:featuredmedia":[{"embeddable":true,"href":"http:\/\/judonacional.com\/index.php?rest_route=\/wp\/v2\/media\/4"}],"wp:attachment":[{"href":"http:\/\/judonacional.com\/index.php?rest_route=%2Fwp%2Fv2%2Fmedia&parent=14"}],"curies":[{"name":"wp","href":"https:\/\/api.w.org\/{rel}","templated":true}]}}